{"id":23792,"date":"2024-09-18T14:45:11","date_gmt":"2024-09-18T14:45:11","guid":{"rendered":"https:\/\/centralprojetores.com\/?post_type=product&#038;p=23792"},"modified":"2024-09-18T14:47:04","modified_gmt":"2024-09-18T14:47:04","slug":"fs2290hm-b-lottus-suporte-de-chao-parede-fixo-com-regulacao-de-altura-para-ecras-de-55-100","status":"publish","type":"product","link":"https:\/\/centralprojetores.com\/en\/product\/fs2290hm-b-lottus-suporte-de-chao-parede-fixo-com-regulacao-de-altura-para-ecras-de-55-100\/","title":{"rendered":"FS2290HM-B LOTTUS Suporte de Ch\u00e3o\/Parede Fixo com Regula\u00e7\u00e3o de Altura para Ecr\u00e3s de 55&#8243;-100&#8243;"},"content":{"rendered":"<h3>Especifica\u00e7\u00f5es<\/h3>\n<ul class=\"product_details\">\n<li>Tamanhos de ecr\u00e3s suportados: 55&#8243;-100&#8243;.<\/li>\n<li>Compat\u00edvel com VESA: M\u00e1ximo 1000&#215;600 e m\u00ednimo: 200&#215;200.<\/li>\n<li>Peso m\u00e1ximo de ecr\u00e3 suportado: 100 kg.<\/li>\n<li>\u00c2ngulo de inclina\u00e7\u00e3o: +5\u00b0\/-10\u00b0.<\/li>\n<li>Regula\u00e7\u00e3o de altura telesc\u00f3pica com manivela.<\/li>\n<li>Faixa de ajuste de altura do suporte: 1125-1525 mm.<\/li>\n<li>Fixa\u00e7\u00e3o da base ao ch\u00e3o com parafusos\/buchas pl\u00e1sticas.<\/li>\n<li>Permite op\u00e7\u00e3o de fixa\u00e7\u00e3o \u00e0 parede para maior seguran\u00e7a.<\/li>\n<li>Medidas da base: 635&#215;100 mm.<\/li>\n<li>Largura m\u00e1xima do suporte: 1055 mm.<\/li>\n<li>Cor: Preto.<\/li>\n<li>Material: A\u00e7o de alta qualidade.<\/li>\n<li>Peso l\u00edquido: 27,30 kg. Peso bruto: 29 kg.<\/li>\n<li>Medidas da embalagem: 1250x220x270 mm.<\/li>\n<\/ul>\n<h3>Conte\u00fado da embalagem<\/h3>\n<ul class=\"product_details\">\n<li>1 x Suporte.<\/li>\n<li>1 x Kit de montagem (inclui ferramentas).<\/li>\n<li>1 x Manual de instala\u00e7\u00e3o.<\/li>\n<\/ul>\n<ul>\n<li>PDF:<br \/>\n<a href=\"https:\/\/centralprojetores.com\/wp-content\/uploads\/2024\/09\/FS2290HM-B-LOTTUS-_PRESENTACION_PDF-PT.pdf\">FS2290HM-B LOTTUS _Apresenta\u00e7\u00e3o<\/a><\/li>\n<li><a href=\"https:\/\/centralprojetores.com\/wp-content\/uploads\/2024\/09\/FS2290HM-B_WEB_PT.pdf\">FS2290HM-B_Folheto<\/a><\/li>\n<li><a href=\"https:\/\/centralprojetores.com\/wp-content\/uploads\/2024\/09\/FS2290HM-B.pdf\">FS2290HM-B_Ficha de Produto<\/a><\/li>\n<\/ul>","protected":false},"excerpt":{"rendered":"<p>Especifica\u00e7\u00f5es Tamanhos de ecr\u00e3s suportados: 55&#8243;-100&#8243;. Compat\u00edvel com VESA: M\u00e1ximo 1000&#215;600 e m\u00ednimo: 200&#215;200. Peso m\u00e1ximo de ecr\u00e3 suportado: 100 kg. \u00c2ngulo de inclina\u00e7\u00e3o: +5\u00b0\/-10\u00b0. Regula\u00e7\u00e3o de altura telesc\u00f3pica com manivela. Faixa de ajuste de altura do suporte: 1125-1525 mm. Fixa\u00e7\u00e3o da base ao ch\u00e3o com parafusos\/buchas pl\u00e1sticas. Permite op\u00e7\u00e3o de fixa\u00e7\u00e3o \u00e0 parede para [&hellip;]<\/p>\n","protected":false},"featured_media":23802,"comment_status":"open","ping_status":"closed","template":"","meta":{"site-sidebar-layout":"default","site-content-layout":"","ast-site-content-layout":"default","site-content-style":"default","site-sidebar-style":"default","ast-global-header-display":"","ast-banner-title-visibility":"","ast-main-header-display":"","ast-hfb-above-header-display":"","ast-hfb-below-header-display":"","ast-hfb-mobile-header-display":"","site-post-title":"","ast-breadcrumbs-content":"","ast-featured-img":"","footer-sml-layout":"","ast-disable-related-posts":"","theme-transparent-header-meta":"default","adv-header-id-meta":"","stick-header-meta":"","header-above-stick-meta":"","header-main-stick-meta":"","header-below-stick-meta":"","astra-migrate-meta-layouts":"set","ast-page-background-enabled":"default","ast-page-background-meta":{"desktop":{"background-color":"var(--ast-global-color-4)","background-image":"","background-repeat":"repeat","background-position":"center center","background-size":"auto","background-attachment":"scroll","background-type":"","background-media":"","overlay-type":"","overlay-color":"","overlay-opacity":"","overlay-gradient":""},"tablet":{"background-color":"","background-image":"","background-repeat":"repeat","background-position":"center center","background-size":"auto","background-attachment":"scroll","background-type":"","background-media":"","overlay-type":"","overlay-color":"","overlay-opacity":"","overlay-gradient":""},"mobile":{"background-color":"","background-image":"","background-repeat":"repeat","background-position":"center center","background-size":"auto","background-attachment":"scroll","background-type":"","background-media":"","overlay-type":"","overlay-color":"","overlay-opacity":"","overlay-gradient":""}},"ast-content-background-meta":{"desktop":{"background-color":"var(--ast-global-color-5)","background-image":"","background-repeat":"repeat","background-position":"center center","background-size":"auto","background-attachment":"scroll","background-type":"","background-media":"","overlay-type":"","overlay-color":"","overlay-opacity":"","overlay-gradient":""},"tablet":{"background-color":"var(--ast-global-color-5)","background-image":"","background-repeat":"repeat","background-position":"center center","background-size":"auto","background-attachment":"scroll","background-type":"","background-media":"","overlay-type":"","overlay-color":"","overlay-opacity":"","overlay-gradient":""},"mobile":{"background-color":"var(--ast-global-color-5)","background-image":"","background-repeat":"repeat","background-position":"center center","background-size":"auto","background-attachment":"scroll","background-type":"","background-media":"","overlay-type":"","overlay-color":"","overlay-opacity":"","overlay-gradient":""}},"_joinchat":[]},"product_brand":[],"product_cat":[2261],"product_tag":[2938],"class_list":{"0":"post-23792","1":"product","2":"type-product","3":"status-publish","4":"has-post-thumbnail","6":"product_cat-suportes","7":"product_tag-fs2290-hm-b","8":"desktop-align-left","9":"tablet-align-left","10":"mobile-align-left","12":"first","13":"instock","14":"taxable","15":"shipping-taxable","16":"purchasable","17":"product-type-simple"},"aioseo_notices":[],"jetpack_sharing_enabled":true,"_links":{"self":[{"href":"https:\/\/centralprojetores.com\/en\/wp-json\/wp\/v2\/product\/23792","targetHints":{"allow":["GET"]}}],"collection":[{"href":"https:\/\/centralprojetores.com\/en\/wp-json\/wp\/v2\/product"}],"about":[{"href":"https:\/\/centralprojetores.com\/en\/wp-json\/wp\/v2\/types\/product"}],"replies":[{"embeddable":true,"href":"https:\/\/centralprojetores.com\/en\/wp-json\/wp\/v2\/comments?post=23792"}],"version-history":[{"count":1,"href":"https:\/\/centralprojetores.com\/en\/wp-json\/wp\/v2\/product\/23792\/revisions"}],"predecessor-version":[{"id":23803,"href":"https:\/\/centralprojetores.com\/en\/wp-json\/wp\/v2\/product\/23792\/revisions\/23803"}],"wp:featuredmedia":[{"embeddable":true,"href":"https:\/\/centralprojetores.com\/en\/wp-json\/wp\/v2\/media\/23802"}],"wp:attachment":[{"href":"https:\/\/centralprojetores.com\/en\/wp-json\/wp\/v2\/media?parent=23792"}],"wp:term":[{"taxonomy":"product_brand","embeddable":true,"href":"https:\/\/centralprojetores.com\/en\/wp-json\/wp\/v2\/product_brand?post=23792"},{"taxonomy":"product_cat","embeddable":true,"href":"https:\/\/centralprojetores.com\/en\/wp-json\/wp\/v2\/product_cat?post=23792"},{"taxonomy":"product_tag","embeddable":true,"href":"https:\/\/centralprojetores.com\/en\/wp-json\/wp\/v2\/product_tag?post=23792"}],"curies":[{"name":"wp","href":"https:\/\/api.w.org\/{rel}","templated":true}]}}